{"id":742,"date":"2024-03-11T11:19:12","date_gmt":"2024-03-11T11:19:12","guid":{"rendered":"https:\/\/www.amritschliesing.de\/?page_id=742"},"modified":"2025-01-17T12:08:10","modified_gmt":"2025-01-17T12:08:10","slug":"sandra-yoga-fotografie","status":"publish","type":"page","link":"https:\/\/www.amritschliesing.de\/?page_id=742","title":{"rendered":"SANDRA"},"content":{"rendered":"\n<div class=\"wp-block-group alignfull has-accent-5-background-color has-background has-global-padding is-layout-constrained wp-container-core-group-is-layout-1 wp-block-group-is-layout-constrained\" style=\"margin-top:var(--wp--preset--spacing--60);margin-bottom:var(--wp--preset--spacing--60);padding-top:var(--wp--preset--spacing--50);padding-right:var(--wp--preset--spacing--50);padding-bottom:var(--wp--preset--spacing--50);padding-left:var(--wp--preset--spacing--50)\">\n<div class=\"wp-block-columns alignwide is-layout-flex wp-container-core-columns-is-layout-1 wp-block-columns-is-layout-flex\">\n<div class=\"wp-block-column is-vertically-aligned-center is-layout-flow wp-block-column-is-layout-flow\" style=\"flex-basis:60%\">\n<figure class=\"wp-block-image size-full is-style-rounded wp-duotone-duotone-1 is-style-rounded--1\"><img loading=\"lazy\" decoding=\"async\" width=\"1500\" height=\"1125\" src=\"https:\/\/www.amritschliesing.de\/wp-content\/uploads\/2024\/01\/amrit-schliesing-yogafotografie-stuttgart-11.jpg\" alt=\"\" class=\"wp-image-393\" style=\"aspect-ratio:4\/3;object-fit:cover\" srcset=\"https:\/\/www.amritschliesing.de\/wp-content\/uploads\/2024\/01\/amrit-schliesing-yogafotografie-stuttgart-11.jpg 1500w, https:\/\/www.amritschliesing.de\/wp-content\/uploads\/2024\/01\/amrit-schliesing-yogafotografie-stuttgart-11-300x225.jpg 300w, https:\/\/www.amritschliesing.de\/wp-content\/uploads\/2024\/01\/amrit-schliesing-yogafotografie-stuttgart-11-1024x768.jpg 1024w, https:\/\/www.amritschliesing.de\/wp-content\/uploads\/2024\/01\/amrit-schliesing-yogafotografie-stuttgart-11-768x576.jpg 768w\" sizes=\"auto, (max-width: 1500px) 100vw, 1500px\" \/><\/figure>\n<\/div>\n\n\n\n<div class=\"wp-block-column is-layout-flow wp-block-column-is-layout-flow\" style=\"flex-basis:40%\">\n<h2 class=\"wp-block-heading has-body-font-family\" style=\"margin-top:0;margin-bottom:0;font-style:normal;font-weight:700\">Sandra <\/h2>\n\n\n\n<h2 class=\"wp-block-heading has-body-font-family\" style=\"margin-top:0;margin-bottom:0;font-style:normal;font-weight:700\">Yoga Lehrerin<\/h2>\n\n\n\n<p class=\"has-body-font-family\" style=\"font-style:normal;font-weight:300\">Sandra durfte ich ein St\u00fcck auf Ihrem Weg zur Yogalehrerin begleiten.<br>Schon lange bloggt und podcastet sie aus Hamburg \u00fcber nachhaltiges und bewusstes Leben. 2020 kam ihr Yoga Angebot dazu.<br>Die Bilder sollten Sandra in dieser neuen Rolle zeigen und vor allem eines vermitteln. Yoga ist einfach, Yoga macht Spa\u00df, Yoga ist f\u00fcr Jeden!<\/p>\n\n\n\n<p class=\"has-body-font-family\" style=\"font-style:normal;font-weight:300\">Schaut mal bei ihr vorbei:<\/p>\n\n\n\n<p><a href=\"https:\/\/yogakannmehr.de\">https:\/\/yogakannmehr.de<\/a><\/p>\n<\/div>\n<\/div>\n<\/div>\n\n\n\n<div class=\"wp-block-group alignfull has-global-padding is-layout-constrained wp-container-core-group-is-layout-2 wp-block-group-is-layout-constrained\" style=\"margin-top:0;margin-bottom:0;padding-top:var(--wp--preset--spacing--50);padding-right:var(--wp--preset--spacing--50);padding-bottom:var(--wp--preset--spacing--50);padding-left:var(--wp--preset--spacing--50)\">\n<div class=\"wp-block-columns alignwide is-layout-flex wp-container-core-columns-is-layout-2 wp-block-columns-is-layout-flex\" style=\"margin-top:0;margin-bottom:0\">\n<div class=\"wp-block-column is-layout-flow wp-container-core-column-is-layout-3 wp-block-column-is-layout-flow\">\n<figure class=\"wp-block-image size-large is-style-default\"><img loading=\"lazy\" decoding=\"async\" width=\"1024\" height=\"683\" src=\"https:\/\/www.amritschliesing.de\/wp-content\/uploads\/2024\/01\/amrit-schliesing-yogafotografie-stuttgart-1-1024x683.jpg\" alt=\"\" class=\"wp-image-383\" srcset=\"https:\/\/www.amritschliesing.de\/wp-content\/uploads\/2024\/01\/amrit-schliesing-yogafotografie-stuttgart-1-1024x683.jpg 1024w, https:\/\/www.amritschliesing.de\/wp-content\/uploads\/2024\/01\/amrit-schliesing-yogafotografie-stuttgart-1-300x200.jpg 300w, https:\/\/www.amritschliesing.de\/wp-content\/uploads\/2024\/01\/amrit-schliesing-yogafotografie-stuttgart-1-768x512.jpg 768w, https:\/\/www.amritschliesing.de\/wp-content\/uploads\/2024\/01\/amrit-schliesing-yogafotografie-stuttgart-1.jpg 1500w\" sizes=\"auto, (max-width: 1024px) 100vw, 1024px\" \/><\/figure>\n\n\n\n<div style=\"height:var(--wp--preset--spacing--50)\" aria-hidden=\"true\" class=\"wp-block-spacer\"><\/div>\n\n\n\n<figure class=\"wp-block-image size-large is-style-default\"><img loading=\"lazy\" decoding=\"async\" width=\"1024\" height=\"683\" src=\"https:\/\/www.amritschliesing.de\/wp-content\/uploads\/2024\/01\/amrit-schliesing-yogafotografie-stuttgart-6-1024x683.jpg\" alt=\"\" class=\"wp-image-388\" style=\"aspect-ratio:4\/3;object-fit:cover\" srcset=\"https:\/\/www.amritschliesing.de\/wp-content\/uploads\/2024\/01\/amrit-schliesing-yogafotografie-stuttgart-6-1024x683.jpg 1024w, https:\/\/www.amritschliesing.de\/wp-content\/uploads\/2024\/01\/amrit-schliesing-yogafotografie-stuttgart-6-300x200.jpg 300w, https:\/\/www.amritschliesing.de\/wp-content\/uploads\/2024\/01\/amrit-schliesing-yogafotografie-stuttgart-6-768x512.jpg 768w, https:\/\/www.amritschliesing.de\/wp-content\/uploads\/2024\/01\/amrit-schliesing-yogafotografie-stuttgart-6.jpg 1500w\" sizes=\"auto, (max-width: 1024px) 100vw, 1024px\" \/><\/figure>\n\n\n\n<div style=\"height:var(--wp--preset--spacing--50)\" aria-hidden=\"true\" class=\"wp-block-spacer\"><\/div>\n\n\n\n<figure class=\"wp-block-image size-large is-style-default\"><img loading=\"lazy\" decoding=\"async\" width=\"683\" height=\"1024\" src=\"https:\/\/www.amritschliesing.de\/wp-content\/uploads\/2024\/01\/amrit-schliesing-yogafotografie-stuttgart-10-683x1024.jpg\" alt=\"\" class=\"wp-image-392\" style=\"aspect-ratio:3\/4;object-fit:cover\" srcset=\"https:\/\/www.amritschliesing.de\/wp-content\/uploads\/2024\/01\/amrit-schliesing-yogafotografie-stuttgart-10-683x1024.jpg 683w, https:\/\/www.amritschliesing.de\/wp-content\/uploads\/2024\/01\/amrit-schliesing-yogafotografie-stuttgart-10-200x300.jpg 200w, https:\/\/www.amritschliesing.de\/wp-content\/uploads\/2024\/01\/amrit-schliesing-yogafotografie-stuttgart-10-768x1152.jpg 768w, https:\/\/www.amritschliesing.de\/wp-content\/uploads\/2024\/01\/amrit-schliesing-yogafotografie-stuttgart-10.jpg 1000w\" sizes=\"auto, (max-width: 683px) 100vw, 683px\" \/><\/figure>\n<\/div>\n\n\n\n<div class=\"wp-block-column is-layout-flow wp-container-core-column-is-layout-4 wp-block-column-is-layout-flow\">\n<div style=\"height:var(--wp--preset--spacing--50)\" aria-hidden=\"true\" class=\"wp-block-spacer\"><\/div>\n\n\n\n<figure class=\"wp-block-image size-large is-style-default\"><img loading=\"lazy\" decoding=\"async\" width=\"1024\" height=\"683\" src=\"https:\/\/www.amritschliesing.de\/wp-content\/uploads\/2024\/01\/amrit-schliesing-yogafotografie-stuttgart-9-1024x683.jpg\" alt=\"\" class=\"wp-image-391\" style=\"aspect-ratio:1;object-fit:cover\" srcset=\"https:\/\/www.amritschliesing.de\/wp-content\/uploads\/2024\/01\/amrit-schliesing-yogafotografie-stuttgart-9-1024x683.jpg 1024w, https:\/\/www.amritschliesing.de\/wp-content\/uploads\/2024\/01\/amrit-schliesing-yogafotografie-stuttgart-9-300x200.jpg 300w, https:\/\/www.amritschliesing.de\/wp-content\/uploads\/2024\/01\/amrit-schliesing-yogafotografie-stuttgart-9-768x512.jpg 768w, https:\/\/www.amritschliesing.de\/wp-content\/uploads\/2024\/01\/amrit-schliesing-yogafotografie-stuttgart-9.jpg 1500w\" sizes=\"auto, (max-width: 1024px) 100vw, 1024px\" \/><\/figure>\n\n\n\n<div style=\"height:var(--wp--preset--spacing--50)\" aria-hidden=\"true\" class=\"wp-block-spacer\"><\/div>\n\n\n\n<figure class=\"wp-block-image size-large is-style-default\"><img loading=\"lazy\" decoding=\"async\" width=\"683\" height=\"1024\" src=\"https:\/\/www.amritschliesing.de\/wp-content\/uploads\/2024\/01\/amrit-schliesing-yogafotografie-stuttgart-2-683x1024.jpg\" alt=\"\" class=\"wp-image-384\" srcset=\"https:\/\/www.amritschliesing.de\/wp-content\/uploads\/2024\/01\/amrit-schliesing-yogafotografie-stuttgart-2-683x1024.jpg 683w, https:\/\/www.amritschliesing.de\/wp-content\/uploads\/2024\/01\/amrit-schliesing-yogafotografie-stuttgart-2-200x300.jpg 200w, https:\/\/www.amritschliesing.de\/wp-content\/uploads\/2024\/01\/amrit-schliesing-yogafotografie-stuttgart-2-768x1152.jpg 768w, https:\/\/www.amritschliesing.de\/wp-content\/uploads\/2024\/01\/amrit-schliesing-yogafotografie-stuttgart-2.jpg 1000w\" sizes=\"auto, (max-width: 683px) 100vw, 683px\" \/><\/figure>\n\n\n\n<div style=\"height:var(--wp--preset--spacing--50)\" aria-hidden=\"true\" class=\"wp-block-spacer\"><\/div>\n\n\n\n<figure class=\"wp-block-image size-large is-style-default\"><img loading=\"lazy\" decoding=\"async\" width=\"1024\" height=\"768\" src=\"https:\/\/www.amritschliesing.de\/wp-content\/uploads\/2024\/01\/amrit-schliesing-yogafotografie-stuttgart-11-1024x768.jpg\" alt=\"\" class=\"wp-image-393\" style=\"aspect-ratio:1;object-fit:cover\" srcset=\"https:\/\/www.amritschliesing.de\/wp-content\/uploads\/2024\/01\/amrit-schliesing-yogafotografie-stuttgart-11-1024x768.jpg 1024w, https:\/\/www.amritschliesing.de\/wp-content\/uploads\/2024\/01\/amrit-schliesing-yogafotografie-stuttgart-11-300x225.jpg 300w, https:\/\/www.amritschliesing.de\/wp-content\/uploads\/2024\/01\/amrit-schliesing-yogafotografie-stuttgart-11-768x576.jpg 768w, https:\/\/www.amritschliesing.de\/wp-content\/uploads\/2024\/01\/amrit-schliesing-yogafotografie-stuttgart-11.jpg 1500w\" sizes=\"auto, (max-width: 1024px) 100vw, 1024px\" \/><\/figure>\n\n\n\n<div style=\"height:var(--wp--preset--spacing--50)\" aria-hidden=\"true\" class=\"wp-block-spacer\"><\/div>\n<\/div>\n\n\n\n<div class=\"wp-block-column is-layout-flow wp-container-core-column-is-layout-5 wp-block-column-is-layout-flow\">\n<figure class=\"wp-block-image size-large is-style-default\"><img loading=\"lazy\" decoding=\"async\" width=\"1024\" height=\"683\" src=\"https:\/\/www.amritschliesing.de\/wp-content\/uploads\/2024\/01\/amrit-schliesing-yogafotografie-stuttgart-4-1024x683.jpg\" alt=\"\" class=\"wp-image-386\" srcset=\"https:\/\/www.amritschliesing.de\/wp-content\/uploads\/2024\/01\/amrit-schliesing-yogafotografie-stuttgart-4-1024x683.jpg 1024w, https:\/\/www.amritschliesing.de\/wp-content\/uploads\/2024\/01\/amrit-schliesing-yogafotografie-stuttgart-4-300x200.jpg 300w, https:\/\/www.amritschliesing.de\/wp-content\/uploads\/2024\/01\/amrit-schliesing-yogafotografie-stuttgart-4-768x512.jpg 768w, https:\/\/www.amritschliesing.de\/wp-content\/uploads\/2024\/01\/amrit-schliesing-yogafotografie-stuttgart-4.jpg 1500w\" sizes=\"auto, (max-width: 1024px) 100vw, 1024px\" \/><\/figure>\n\n\n\n<div style=\"height:var(--wp--preset--spacing--50)\" aria-hidden=\"true\" class=\"wp-block-spacer\"><\/div>\n\n\n\n<figure class=\"wp-block-image size-large is-style-default\"><img loading=\"lazy\" decoding=\"async\" width=\"683\" height=\"1024\" src=\"https:\/\/www.amritschliesing.de\/wp-content\/uploads\/2024\/01\/amrit-schliesing-yogafotografie-stuttgart-7-683x1024.jpg\" alt=\"\" class=\"wp-image-389\" srcset=\"https:\/\/www.amritschliesing.de\/wp-content\/uploads\/2024\/01\/amrit-schliesing-yogafotografie-stuttgart-7-683x1024.jpg 683w, https:\/\/www.amritschliesing.de\/wp-content\/uploads\/2024\/01\/amrit-schliesing-yogafotografie-stuttgart-7-200x300.jpg 200w, https:\/\/www.amritschliesing.de\/wp-content\/uploads\/2024\/01\/amrit-schliesing-yogafotografie-stuttgart-7-768x1152.jpg 768w, https:\/\/www.amritschliesing.de\/wp-content\/uploads\/2024\/01\/amrit-schliesing-yogafotografie-stuttgart-7.jpg 1000w\" sizes=\"auto, (max-width: 683px) 100vw, 683px\" \/><\/figure>\n\n\n\n<div style=\"height:var(--wp--preset--spacing--50)\" aria-hidden=\"true\" class=\"wp-block-spacer\"><\/div>\n\n\n\n<figure class=\"wp-block-image size-large is-style-default\"><img loading=\"lazy\" decoding=\"async\" width=\"683\" height=\"1024\" src=\"https:\/\/www.amritschliesing.de\/wp-content\/uploads\/2024\/01\/amrit-schliesing-yogafotografie-stuttgart-8-683x1024.jpg\" alt=\"\" class=\"wp-image-390\" srcset=\"https:\/\/www.amritschliesing.de\/wp-content\/uploads\/2024\/01\/amrit-schliesing-yogafotografie-stuttgart-8-683x1024.jpg 683w, https:\/\/www.amritschliesing.de\/wp-content\/uploads\/2024\/01\/amrit-schliesing-yogafotografie-stuttgart-8-200x300.jpg 200w, https:\/\/www.amritschliesing.de\/wp-content\/uploads\/2024\/01\/amrit-schliesing-yogafotografie-stuttgart-8-768x1152.jpg 768w, https:\/\/www.amritschliesing.de\/wp-content\/uploads\/2024\/01\/amrit-schliesing-yogafotografie-stuttgart-8.jpg 1000w\" sizes=\"auto, (max-width: 683px) 100vw, 683px\" \/><\/figure>\n<\/div>\n<\/div>\n<\/div>\n\n\n\n<div class=\"wp-block-columns is-layout-flex wp-container-core-columns-is-layout-3 wp-block-columns-is-layout-flex\" style=\"margin-top:var(--wp--preset--spacing--50);margin-bottom:var(--wp--preset--spacing--50);padding-right:0;padding-left:0\">\n<div class=\"wp-block-column is-vertically-aligned-center is-layout-flow wp-block-column-is-layout-flow\" style=\"flex-basis:33.33%\">\n<figure class=\"wp-block-image size-large has-custom-border is-style-rounded is-style-rounded--2\"><img loading=\"lazy\" decoding=\"async\" width=\"1024\" height=\"768\" src=\"https:\/\/www.amritschliesing.de\/wp-content\/uploads\/2024\/01\/amrit-schliesing-yogafotografie-stuttgart-11-1024x768.jpg\" alt=\"\" class=\"wp-image-393\" style=\"border-style:none;border-width:0px;border-radius:100px;aspect-ratio:1;object-fit:cover\" srcset=\"https:\/\/www.amritschliesing.de\/wp-content\/uploads\/2024\/01\/amrit-schliesing-yogafotografie-stuttgart-11-1024x768.jpg 1024w, https:\/\/www.amritschliesing.de\/wp-content\/uploads\/2024\/01\/amrit-schliesing-yogafotografie-stuttgart-11-300x225.jpg 300w, https:\/\/www.amritschliesing.de\/wp-content\/uploads\/2024\/01\/amrit-schliesing-yogafotografie-stuttgart-11-768x576.jpg 768w, https:\/\/www.amritschliesing.de\/wp-content\/uploads\/2024\/01\/amrit-schliesing-yogafotografie-stuttgart-11.jpg 1500w\" sizes=\"auto, (max-width: 1024px) 100vw, 1024px\" \/><\/figure>\n<\/div>\n\n\n\n<div class=\"wp-block-column is-layout-flow wp-block-column-is-layout-flow\" style=\"flex-basis:66.66%\">\n<p class=\"has-large-font-size\" style=\"font-style:normal;font-weight:300\">\u201e <em>Ich bin sehr begeistert von den Fotos, die bei unserem Shooting entstanden sind.<\/em><\/p>\n\n\n\n<p class=\"has-system-sans-serif-font-family has-medium-font-size\" style=\"font-style:normal;font-weight:200\">Obwohl wir uns vorher nicht kannten, konnte Amrit mit ihrer sympathischen Art eine nette Atmosph\u00e4re schaffen, in der ich mich sofort wohl gef\u00fchlt habe. Denn eigentlich f\u00fchle ich mich vor der Kamera nicht super wohl. Doch das war mit Amrit kein Problem. Das Shooting hat sehr viel Spa\u00df gemacht. Vielen Dank f\u00fcr das professionelle Shooting und Beratung bez\u00fcglich meines Webauftritts.\u201c<\/p>\n\n\n\n<p class=\"has-system-sans-serif-font-family has-medium-font-size\" style=\"font-style:normal;font-weight:200\"><\/p>\n<\/div>\n<\/div>\n","protected":false},"excerpt":{"rendered":"<p>\u201e Ich bin sehr begeistert von den Fotos, die bei unserem Shooting entstanden sind. Obwohl wir uns vorher nicht kannten, konnte Amrit mit ihrer sympathischen Art eine nette Atmosph\u00e4re schaffen, in der ich mich sofort wohl gef\u00fchlt habe. Denn eigentlich f\u00fchle ich mich vor der Kamera nicht super wohl. Doch das war mit Amrit kein [&hellip;]<\/p>\n","protected":false},"author":1,"featured_media":0,"parent":0,"menu_order":0,"comment_status":"closed","ping_status":"closed","template":"","meta":{"footnotes":""},"class_list":["post-742","page","type-page","status-publish","hentry"],"_links":{"self":[{"href":"https:\/\/www.amritschliesing.de\/index.php?rest_route=\/wp\/v2\/pages\/742","targetHints":{"allow":["GET"]}}],"collection":[{"href":"https:\/\/www.amritschliesing.de\/index.php?rest_route=\/wp\/v2\/pages"}],"about":[{"href":"https:\/\/www.amritschliesing.de\/index.php?rest_route=\/wp\/v2\/types\/page"}],"author":[{"embeddable":true,"href":"https:\/\/www.amritschliesing.de\/index.php?rest_route=\/wp\/v2\/users\/1"}],"replies":[{"embeddable":true,"href":"https:\/\/www.amritschliesing.de\/index.php?rest_route=%2Fwp%2Fv2%2Fcomments&post=742"}],"version-history":[{"count":8,"href":"https:\/\/www.amritschliesing.de\/index.php?rest_route=\/wp\/v2\/pages\/742\/revisions"}],"predecessor-version":[{"id":933,"href":"https:\/\/www.amritschliesing.de\/index.php?rest_route=\/wp\/v2\/pages\/742\/revisions\/933"}],"wp:attachment":[{"href":"https:\/\/www.amritschliesing.de\/index.php?rest_route=%2Fwp%2Fv2%2Fmedia&parent=742"}],"curies":[{"name":"wp","href":"https:\/\/api.w.org\/{rel}","templated":true}]}}